{"id":162,"date":"2025-09-23T10:12:05","date_gmt":"2025-09-23T10:12:05","guid":{"rendered":"https:\/\/ezgikalip.com\/?page_id=162"},"modified":"2025-10-20T11:19:00","modified_gmt":"2025-10-20T11:19:00","slug":"misyonumuz","status":"publish","type":"page","link":"https:\/\/ezgikalip.com\/index.php\/misyonumuz\/","title":{"rendered":"Misyonumuz"},"content":{"rendered":"\n<div class=\"wp-block-media-text is-stacked-on-mobile\" style=\"grid-template-columns:21% auto\"><figure class=\"wp-block-media-text__media\"><img decoding=\"async\" width=\"230\" height=\"210\" src=\"https:\/\/ezgikalip.com\/wp-content\/uploads\/2025\/10\/sample_4-19.jpg\" alt=\"\" class=\"wp-image-1893 size-full\"\/><\/figure><div class=\"wp-block-media-text__content\">\n<p>Y\u0131llara dayal\u0131 edindi\u011fimiz tecr\u00fcbe ile \u00fcretim alan\u0131nda yapt\u0131\u011f\u0131m\u0131z teknolojik yat\u0131r\u0131mlar, yenilikler ve kaliteli \u00fcretimimiz ile T\u00fcrkiye ve d\u00fcnya pazar\u0131nda yer almaktay\u0131z.<\/p>\n\n\n\n<p><\/p>\n<\/div><\/div>\n\n\n\n<p><\/p>\n\n\n\n<p><\/p>\n\n\n\n<p><\/p>\n\n    <div class=\"xs_social_share_widget xs_share_url after_content \t\tmain_content  wslu-style-1 wslu-share-box-shaped wslu-fill-colored wslu-none wslu-share-horizontal wslu-theme-font-no wslu-main_content\">\n\n\t\t\n        <ul>\n\t\t\t        <\/ul>\n    <\/div> \n","protected":false},"excerpt":{"rendered":"<p>Y\u0131llara dayal\u0131 edindi\u011fimiz tecr\u00fcbe ile \u00fcretim alan\u0131nda yapt\u0131\u011f\u0131m\u0131z teknolojik yat\u0131r\u0131mlar, yenilikler ve kaliteli \u00fcretimimiz ile T\u00fcrkiye ve d\u00fcnya pazar\u0131nda yer almaktay\u0131z.<\/p>\n","protected":false},"author":1,"featured_media":0,"parent":0,"menu_order":0,"comment_status":"closed","ping_status":"closed","template":"","meta":{"postBodyCss":"","postBodyMargin":[],"postBodyPadding":[],"postBodyBackground":{"backgroundType":"classic","gradient":""},"advanced_seo_description":"","jetpack_seo_html_title":"","jetpack_seo_noindex":false,"footnotes":""},"class_list":["post-162","page","type-page","status-publish","hentry"],"jetpack_sharing_enabled":true,"_links":{"self":[{"href":"https:\/\/ezgikalip.com\/index.php\/wp-json\/wp\/v2\/pages\/162","targetHints":{"allow":["GET"]}}],"collection":[{"href":"https:\/\/ezgikalip.com\/index.php\/wp-json\/wp\/v2\/pages"}],"about":[{"href":"https:\/\/ezgikalip.com\/index.php\/wp-json\/wp\/v2\/types\/page"}],"author":[{"embeddable":true,"href":"https:\/\/ezgikalip.com\/index.php\/wp-json\/wp\/v2\/users\/1"}],"replies":[{"embeddable":true,"href":"https:\/\/ezgikalip.com\/index.php\/wp-json\/wp\/v2\/comments?post=162"}],"version-history":[{"count":6,"href":"https:\/\/ezgikalip.com\/index.php\/wp-json\/wp\/v2\/pages\/162\/revisions"}],"predecessor-version":[{"id":1900,"href":"https:\/\/ezgikalip.com\/index.php\/wp-json\/wp\/v2\/pages\/162\/revisions\/1900"}],"wp:attachment":[{"href":"https:\/\/ezgikalip.com\/index.php\/wp-json\/wp\/v2\/media?parent=162"}],"curies":[{"name":"wp","href":"https:\/\/api.w.org\/{rel}","templated":true}]}}