{"id":170,"date":"2025-09-23T10:25:08","date_gmt":"2025-09-23T10:25:08","guid":{"rendered":"https:\/\/ezgikalip.com\/?page_id=170"},"modified":"2025-10-20T11:16:41","modified_gmt":"2025-10-20T11:16:41","slug":"vizyonumuz","status":"publish","type":"page","link":"https:\/\/ezgikalip.com\/index.php\/vizyonumuz\/","title":{"rendered":"Vizyonumuz"},"content":{"rendered":"\n<p><\/p>\n\n\n\n<div class=\"wp-block-media-text is-stacked-on-mobile\" style=\"grid-template-columns:38% auto\"><figure class=\"wp-block-media-text__media\"><img fetchpriority=\"high\" decoding=\"async\" width=\"1024\" height=\"320\" src=\"https:\/\/ezgikalip.com\/wp-content\/uploads\/2025\/09\/719-2-1024x320.png\" alt=\"\" class=\"wp-image-328 size-full\" srcset=\"https:\/\/ezgikalip.com\/wp-content\/uploads\/2025\/09\/719-2-1024x320.png 1024w, https:\/\/ezgikalip.com\/wp-content\/uploads\/2025\/09\/719-2-400x125.png 400w, https:\/\/ezgikalip.com\/wp-content\/uploads\/2025\/09\/719-2-300x94.png 300w, https:\/\/ezgikalip.com\/wp-content\/uploads\/2025\/09\/719-2-768x240.png 768w, https:\/\/ezgikalip.com\/wp-content\/uploads\/2025\/09\/719-2.png 1200w\" sizes=\"(max-width: 1024px) 100vw, 1024px\" \/><\/figure><div class=\"wp-block-media-text__content\">\n<p>Vizyonumuz, m\u00fc\u015fterilerimizin g\u00fcvenlerini kazanmak ve otomotiv end\u00fcstrisinde lider bir firma olmakt\u0131r. S\u00fcrekli geli\u015fime olan ba\u011fl\u0131l\u0131\u011f\u0131m\u0131zla ve kaliteli \u00fcr\u00fcnlerle h\u0131zla b\u00fcy\u00fcme hedefimizi ger\u00e7ekle\u015ftirmektir.<\/p>\n<\/div><\/div>\n\n    <div class=\"xs_social_share_widget xs_share_url after_content \t\tmain_content  wslu-style-1 wslu-share-box-shaped wslu-fill-colored wslu-none wslu-share-horizontal wslu-theme-font-no wslu-main_content\">\n\n\t\t\n        <ul>\n\t\t\t        <\/ul>\n    <\/div> \n","protected":false},"excerpt":{"rendered":"<p>Vizyonumuz, m\u00fc\u015fterilerimizin g\u00fcvenlerini kazanmak ve otomotiv end\u00fcstrisinde lider bir firma olmakt\u0131r. S\u00fcrekli geli\u015fime olan ba\u011fl\u0131l\u0131\u011f\u0131m\u0131zla ve kaliteli \u00fcr\u00fcnlerle h\u0131zla b\u00fcy\u00fcme hedefimizi ger\u00e7ekle\u015ftirmektir.<\/p>\n","protected":false},"author":1,"featured_media":0,"parent":0,"menu_order":0,"comment_status":"closed","ping_status":"closed","template":"","meta":{"postBodyCss":"","postBodyMargin":[],"postBodyPadding":[],"postBodyBackground":{"backgroundType":"classic","gradient":""},"advanced_seo_description":"","jetpack_seo_html_title":"","jetpack_seo_noindex":false,"footnotes":""},"class_list":["post-170","page","type-page","status-publish","hentry"],"jetpack_sharing_enabled":true,"_links":{"self":[{"href":"https:\/\/ezgikalip.com\/index.php\/wp-json\/wp\/v2\/pages\/170","targetHints":{"allow":["GET"]}}],"collection":[{"href":"https:\/\/ezgikalip.com\/index.php\/wp-json\/wp\/v2\/pages"}],"about":[{"href":"https:\/\/ezgikalip.com\/index.php\/wp-json\/wp\/v2\/types\/page"}],"author":[{"embeddable":true,"href":"https:\/\/ezgikalip.com\/index.php\/wp-json\/wp\/v2\/users\/1"}],"replies":[{"embeddable":true,"href":"https:\/\/ezgikalip.com\/index.php\/wp-json\/wp\/v2\/comments?post=170"}],"version-history":[{"count":4,"href":"https:\/\/ezgikalip.com\/index.php\/wp-json\/wp\/v2\/pages\/170\/revisions"}],"predecessor-version":[{"id":1899,"href":"https:\/\/ezgikalip.com\/index.php\/wp-json\/wp\/v2\/pages\/170\/revisions\/1899"}],"wp:attachment":[{"href":"https:\/\/ezgikalip.com\/index.php\/wp-json\/wp\/v2\/media?parent=170"}],"curies":[{"name":"wp","href":"https:\/\/api.w.org\/{rel}","templated":true}]}}