{"id":1881,"date":"2025-10-20T10:55:27","date_gmt":"2025-10-20T10:55:27","guid":{"rendered":"https:\/\/ezgikalip.com\/?page_id=1881"},"modified":"2025-10-21T09:02:51","modified_gmt":"2025-10-21T09:02:51","slug":"hakkimizda","status":"publish","type":"page","link":"https:\/\/ezgikalip.com\/index.php\/hakkimizda\/","title":{"rendered":"Hakk\u0131m\u0131zda"},"content":{"rendered":"\n<div class=\"wp-block-media-text is-stacked-on-mobile\" style=\"grid-template-columns:33% auto\"><figure class=\"wp-block-media-text__media\"><video controls src=\"https:\/\/ezgikalip.com\/wp-content\/uploads\/2025\/10\/WhatsApp-Video-2025-10-21-at-11.55.47.mp4\"><\/video><\/figure><div class=\"wp-block-media-text__content\">\n<p>Fiem otomotiv; 2002 y\u0131l\u0131nda Ezgi Kal\u0131p ad\u0131 alt\u0131nda kal\u0131p \u00fcretimi ile \u00e7al\u0131\u015fmaya ba\u015flam\u0131\u015ft\u0131r.<\/p>\n\n\n\n<p>Bir s\u00fcre sonra Fiem markas\u0131 ile aftermarket`e sa\u00e7-boru, al\u00fcminyum metal \u015fekillendirme ve kau\u00e7uk metal bile\u015fenlerinden olu\u015fan amortis\u00f6r takozu, motor takozu ve k\u00f6r\u00fckler gibi \u00fcr\u00fcnler \u00fcretmeye devam etmi\u015ftir.<\/p>\n\n\n\n<p>\u0130hracat odakl\u0131 olan firmam\u0131zda kalite ve g\u00fcvenilirlikle \u00f6n plana \u00e7\u0131kmaktay\u0131z.<\/p>\n<\/div><\/div>\n\n\n\n<p><\/p>\n\n    <div class=\"xs_social_share_widget xs_share_url after_content \t\tmain_content  wslu-style-1 wslu-share-box-shaped wslu-fill-colored wslu-none wslu-share-horizontal wslu-theme-font-no wslu-main_content\">\n\n\t\t\n        <ul>\n\t\t\t        <\/ul>\n    <\/div> \n","protected":false},"excerpt":{"rendered":"<p>Fiem otomotiv; 2002 y\u0131l\u0131nda Ezgi Kal\u0131p ad\u0131 alt\u0131nda kal\u0131p \u00fcretimi ile \u00e7al\u0131\u015fmaya ba\u015flam\u0131\u015ft\u0131r. Bir s\u00fcre sonra Fiem markas\u0131 ile aftermarket`e sa\u00e7-boru, al\u00fcminyum metal \u015fekillendirme ve kau\u00e7uk metal bile\u015fenlerinden olu\u015fan amortis\u00f6r takozu, motor takozu ve k\u00f6r\u00fckler gibi \u00fcr\u00fcnler \u00fcretmeye devam etmi\u015ftir. \u0130hracat odakl\u0131 olan firmam\u0131zda kalite ve g\u00fcvenilirlikle \u00f6n plana \u00e7\u0131kmaktay\u0131z.<\/p>\n","protected":false},"author":1,"featured_media":0,"parent":0,"menu_order":0,"comment_status":"closed","ping_status":"closed","template":"","meta":{"postBodyCss":"","postBodyMargin":[],"postBodyPadding":[],"postBodyBackground":{"backgroundType":"classic","gradient":""},"advanced_seo_description":"","jetpack_seo_html_title":"","jetpack_seo_noindex":false,"footnotes":""},"class_list":["post-1881","page","type-page","status-publish","hentry"],"jetpack_sharing_enabled":true,"_links":{"self":[{"href":"https:\/\/ezgikalip.com\/index.php\/wp-json\/wp\/v2\/pages\/1881","targetHints":{"allow":["GET"]}}],"collection":[{"href":"https:\/\/ezgikalip.com\/index.php\/wp-json\/wp\/v2\/pages"}],"about":[{"href":"https:\/\/ezgikalip.com\/index.php\/wp-json\/wp\/v2\/types\/page"}],"author":[{"embeddable":true,"href":"https:\/\/ezgikalip.com\/index.php\/wp-json\/wp\/v2\/users\/1"}],"replies":[{"embeddable":true,"href":"https:\/\/ezgikalip.com\/index.php\/wp-json\/wp\/v2\/comments?post=1881"}],"version-history":[{"count":8,"href":"https:\/\/ezgikalip.com\/index.php\/wp-json\/wp\/v2\/pages\/1881\/revisions"}],"predecessor-version":[{"id":1934,"href":"https:\/\/ezgikalip.com\/index.php\/wp-json\/wp\/v2\/pages\/1881\/revisions\/1934"}],"wp:attachment":[{"href":"https:\/\/ezgikalip.com\/index.php\/wp-json\/wp\/v2\/media?parent=1881"}],"curies":[{"name":"wp","href":"https:\/\/api.w.org\/{rel}","templated":true}]}}