{"id":1750,"date":"2025-10-18T12:21:32","date_gmt":"2025-10-18T12:21:32","guid":{"rendered":"https:\/\/ezgikalip.com\/?post_type=product&#038;p=1750"},"modified":"2025-10-19T15:32:42","modified_gmt":"2025-10-19T15:32:42","slug":"aks-burcu-arka-kucuk","status":"publish","type":"product","link":"https:\/\/ezgikalip.com\/index.php\/urun\/aks-burcu-arka-kucuk\/","title":{"rendered":"Aks Burcu Arka K\u00fc\u00e7\u00fck"},"content":{"rendered":"<p><img fetchpriority=\"high\" decoding=\"async\" class=\"alignnone size-full wp-image-1116\" src=\"https:\/\/ezgikalip.com\/wp-content\/uploads\/2025\/10\/135179538_3734962126539295_6483302219101338896_n.jpg\" alt=\"\" width=\"456\" height=\"322\" srcset=\"https:\/\/ezgikalip.com\/wp-content\/uploads\/2025\/10\/135179538_3734962126539295_6483302219101338896_n.jpg 456w, https:\/\/ezgikalip.com\/wp-content\/uploads\/2025\/10\/135179538_3734962126539295_6483302219101338896_n-400x282.jpg 400w, https:\/\/ezgikalip.com\/wp-content\/uploads\/2025\/10\/135179538_3734962126539295_6483302219101338896_n-300x212.jpg 300w\" sizes=\"(max-width: 456px) 100vw, 456px\" \/><\/p>\n\n    <div class=\"xs_social_share_widget xs_share_url after_content \t\tmain_content  wslu-style-1 wslu-share-box-shaped wslu-fill-colored wslu-none wslu-share-horizontal wslu-theme-font-no wslu-main_content\">\n\n\t\t\n        <ul>\n\t\t\t        <\/ul>\n    <\/div> \n","protected":false},"excerpt":{"rendered":"<p style=\"text-align: center;\">.<\/p>\n","protected":false},"featured_media":1382,"template":"","meta":{"postBodyCss":"","postBodyMargin":[],"postBodyPadding":[],"postBodyBackground":{"backgroundType":"classic","gradient":""},"advanced_seo_description":"","jetpack_seo_html_title":"","jetpack_seo_noindex":false},"product_brand":[],"product_cat":[216,19],"product_tag":[221,222,220],"class_list":{"0":"post-1750","1":"product","2":"type-product","3":"status-publish","4":"has-post-thumbnail","6":"product_cat-aks-burcu","7":"product_cat-urun","8":"product_tag-221","9":"product_tag-5422000q0b","10":"product_tag-220","12":"first","13":"instock","14":"shipping-taxable","15":"product-type-simple"},"jetpack_sharing_enabled":true,"_links":{"self":[{"href":"https:\/\/ezgikalip.com\/index.php\/wp-json\/wp\/v2\/product\/1750","targetHints":{"allow":["GET"]}}],"collection":[{"href":"https:\/\/ezgikalip.com\/index.php\/wp-json\/wp\/v2\/product"}],"about":[{"href":"https:\/\/ezgikalip.com\/index.php\/wp-json\/wp\/v2\/types\/product"}],"wp:featuredmedia":[{"embeddable":true,"href":"https:\/\/ezgikalip.com\/index.php\/wp-json\/wp\/v2\/media\/1382"}],"wp:attachment":[{"href":"https:\/\/ezgikalip.com\/index.php\/wp-json\/wp\/v2\/media?parent=1750"}],"wp:term":[{"taxonomy":"product_brand","embeddable":true,"href":"https:\/\/ezgikalip.com\/index.php\/wp-json\/wp\/v2\/product_brand?post=1750"},{"taxonomy":"product_cat","embeddable":true,"href":"https:\/\/ezgikalip.com\/index.php\/wp-json\/wp\/v2\/product_cat?post=1750"},{"taxonomy":"product_tag","embeddable":true,"href":"https:\/\/ezgikalip.com\/index.php\/wp-json\/wp\/v2\/product_tag?post=1750"}],"curies":[{"name":"wp","href":"https:\/\/api.w.org\/{rel}","templated":true}]}}